{"id":406,"date":"2024-09-27T14:10:07","date_gmt":"2024-09-27T19:10:07","guid":{"rendered":"https:\/\/codax-group.com\/?page_id=406"},"modified":"2024-10-09T22:29:47","modified_gmt":"2024-10-10T03:29:47","slug":"educacion","status":"publish","type":"page","link":"https:\/\/codax-group.com\/de\/educacion\/","title":{"rendered":"Bildung"},"content":{"rendered":"\t\t<div data-elementor-type=\"wp-page\" data-elementor-id=\"406\" class=\"elementor elementor-406\" data-elementor-post-type=\"page\">\n\t\t\t\t<div class=\"elementor-element elementor-element-2b9c5eb1 e-con-full e-flex e-con e-parent\" data-id=\"2b9c5eb1\" data-element_type=\"container\" data-e-type=\"container\" data-settings=\"{&quot;background_background&quot;:&quot;classic&quot;}\">\n\t\t<div class=\"elementor-element elementor-element-53ae89ee e-flex e-con-boxed e-con e-child\" data-id=\"53ae89ee\" data-element_type=\"container\" data-e-type=\"container\">\n\t\t\t\t\t<div class=\"e-con-inner\">\n\t\t\t\t<div class=\"elementor-element elementor-element-6b58022f elementor-invisible elementor-widget elementor-widget-heading\" data-id=\"6b58022f\" data-element_type=\"widget\" data-e-type=\"widget\" data-settings=\"{&quot;_animation&quot;:&quot;fadeIn&quot;}\" data-widget_type=\"heading.default\">\n\t\t\t\t\t<h1 class=\"elementor-heading-title elementor-size-default\">Educaci\u00f3n<\/h1>\t\t\t\t<\/div>\n\t\t\t\t<div class=\"elementor-element elementor-element-4d8ff3e1 elementor-widget-tablet__width-initial elementor-widget elementor-widget-text-editor\" data-id=\"4d8ff3e1\" data-element_type=\"widget\" data-e-type=\"widget\" data-widget_type=\"text-editor.default\">\n\t\t\t\t\t\t\t\t\t<div dir=\"auto\" data-message-author-role=\"assistant\" data-message-id=\"b0af58a8-fa01-42ab-9103-a949a82135c8\"><div dir=\"auto\" data-message-author-role=\"assistant\" data-message-id=\"dd68e460-7964-49d5-a741-f84ce102249a\"><p>Creemos que el conocimiento es la clave para aprovechar al m\u00e1ximo las tecnolog\u00edas del futuro. Por eso, hemos desarrollado un \u00e1rea especializada en <strong>educaci\u00f3n sobre automatizaci\u00f3n de edificios y hogares inteligentes<\/strong> con un enfoque particular en el est\u00e1ndar <strong>KNX<\/strong>.<\/p><\/div><\/div>\t\t\t\t\t\t\t\t<\/div>\n\t\t\t\t\t<\/div>\n\t\t\t\t<\/div>\n\t\t\t\t<div class=\"elementor-element elementor-element-378afbcb elementor-widget__width-initial elementor-absolute elementor-widget-mobile__width-inherit elementor-invisible elementor-widget elementor-widget-image\" data-id=\"378afbcb\" data-element_type=\"widget\" data-e-type=\"widget\" data-settings=\"{&quot;_position&quot;:&quot;absolute&quot;,&quot;_animation&quot;:&quot;slideInLeft&quot;}\" data-widget_type=\"image.default\">\n\t\t\t\t\t\t\t\t\t\t\t\t\t\t\t<img fetchpriority=\"high\" decoding=\"async\" width=\"800\" height=\"600\" src=\"https:\/\/codax-group.com\/wp-content\/uploads\/2024\/09\/010123-COPY-1024x768.png\" class=\"attachment-large size-large wp-image-415\" alt=\"\" srcset=\"https:\/\/codax-group.com\/wp-content\/uploads\/2024\/09\/010123-COPY-1024x768.png 1024w, https:\/\/codax-group.com\/wp-content\/uploads\/2024\/09\/010123-COPY-300x225.png 300w, https:\/\/codax-group.com\/wp-content\/uploads\/2024\/09\/010123-COPY-768x576.png 768w, https:\/\/codax-group.com\/wp-content\/uploads\/2024\/09\/010123-COPY-1536x1152.png 1536w, https:\/\/codax-group.com\/wp-content\/uploads\/2024\/09\/010123-COPY-2048x1536.png 2048w, https:\/\/codax-group.com\/wp-content\/uploads\/2024\/09\/010123-COPY-16x12.png 16w\" sizes=\"(max-width: 800px) 100vw, 800px\" \/>\t\t\t\t\t\t\t\t\t\t\t\t\t\t\t<\/div>\n\t\t\t\t<div class=\"elementor-element elementor-element-6a97c258 elementor-fixed animated-slow elementor-hidden-mobile elementor-view-default elementor-invisible elementor-widget elementor-widget-icon\" data-id=\"6a97c258\" data-element_type=\"widget\" data-e-type=\"widget\" data-settings=\"{&quot;_position&quot;:&quot;fixed&quot;,&quot;_animation&quot;:&quot;fadeIn&quot;,&quot;_animation_delay&quot;:1800}\" data-widget_type=\"icon.default\">\n\t\t\t\t\t\t\t<div class=\"elementor-icon-wrapper\">\n\t\t\t<a class=\"elementor-icon elementor-animation-grow\" href=\"#elementor-action%3Aaction%3Dpopup%3Aopen%26settings%3DeyJpZCI6MTY4LCJ0b2dnbGUiOmZhbHNlfQ%3D%3D\">\n\t\t\t<svg xmlns=\"http:\/\/www.w3.org\/2000\/svg\" viewBox=\"0 0 70 70\"><path fill-rule=\"evenodd\" clip-rule=\"evenodd\" d=\"M27.862 29.5h14.786c.752 0 1.362.61 1.362 1.362v.361l-8.909 3.62-8.601-3.494v-.487c0-.752.61-1.362 1.362-1.362ZM26.5 32.968v7.17c0 .752.61 1.362 1.362 1.362h14.786c.752 0 1.362-.61 1.362-1.362v-7.296l-8.627 3.505-.282.115-.282-.115-8.319-3.38ZM25 30.862A2.862 2.862 0 0 1 27.862 28h14.786a2.862 2.862 0 0 1 2.862 2.862v9.276A2.862 2.862 0 0 1 42.648 43H27.862A2.862 2.862 0 0 1 25 40.138v-9.276Z\"><\/path><\/svg>\t\t\t<\/a>\n\t\t<\/div>\n\t\t\t\t\t\t<\/div>\n\t\t\t\t<\/div>\n\t\t<div class=\"elementor-element elementor-element-32d48f41 e-flex e-con-boxed e-con e-parent\" data-id=\"32d48f41\" data-element_type=\"container\" data-e-type=\"container\">\n\t\t\t\t\t<div class=\"e-con-inner\">\n\t\t<div class=\"elementor-element elementor-element-5459dd16 e-con-full e-flex e-con e-child\" data-id=\"5459dd16\" data-element_type=\"container\" data-e-type=\"container\">\n\t\t\t\t<div class=\"elementor-element elementor-element-71b7fa35 elementor-widget__width-inherit elementor-widget-tablet__width-initial elementor-widget-mobile__width-inherit elementor-widget elementor-widget-heading\" data-id=\"71b7fa35\" data-element_type=\"widget\" data-e-type=\"widget\" data-widget_type=\"heading.default\">\n\t\t\t\t\t<h2 class=\"elementor-heading-title elementor-size-default\">Formamos a los profesionales que transforman el futuro con tecnolog\u00eda inteligente<\/h2>\t\t\t\t<\/div>\n\t\t<div class=\"elementor-element elementor-element-5c2cd7f4 e-con-full e-flex e-con e-child\" data-id=\"5c2cd7f4\" data-element_type=\"container\" data-e-type=\"container\">\n\t\t\t\t<div class=\"elementor-element elementor-element-1e46eb33 elementor-widget elementor-widget-text-editor\" data-id=\"1e46eb33\" data-element_type=\"widget\" data-e-type=\"widget\" data-widget_type=\"text-editor.default\">\n\t\t\t\t\t\t\t\t\t<p>\u00a0A trav\u00e9s de herramientas innovadoras como el <strong>KNX Simulator<\/strong> y formaciones en tecnolog\u00edas afines, preparamos a profesionales, estudiantes y entusiastas para liderar el dise\u00f1o y ejecuci\u00f3n de proyectos de automatizaci\u00f3n de \u00faltima generaci\u00f3n.<\/p>\t\t\t\t\t\t\t\t<\/div>\n\t\t\t\t<\/div>\n\t\t<div class=\"elementor-element elementor-element-4e5cf2d9 e-con-full e-flex e-con e-child\" data-id=\"4e5cf2d9\" data-element_type=\"container\" data-e-type=\"container\">\n\t\t\t\t<div class=\"elementor-element elementor-element-7bb19fed elementor-widget elementor-widget-text-editor\" data-id=\"7bb19fed\" data-element_type=\"widget\" data-e-type=\"widget\" data-widget_type=\"text-editor.default\">\n\t\t\t\t\t\t\t\t\t<p>KNX es el est\u00e1ndar mundial para el control de hogares y edificios, certificado en m\u00e1s de 190 pa\u00edses y compatible con una amplia gama de dispositivos y aplicaciones, desde iluminaci\u00f3n y climatizaci\u00f3n hasta seguridad y sistemas audiovisuales.\u00a0<\/p>\t\t\t\t\t\t\t\t<\/div>\n\t\t\t\t<\/div>\n\t\t\t\t<\/div>\n\t\t<div class=\"elementor-element elementor-element-33e245c6 e-con-full e-flex e-con e-child\" data-id=\"33e245c6\" data-element_type=\"container\" data-e-type=\"container\" data-settings=\"{&quot;background_background&quot;:&quot;classic&quot;,&quot;motion_fx_motion_fx_scrolling&quot;:&quot;yes&quot;,&quot;motion_fx_translateY_effect&quot;:&quot;yes&quot;,&quot;motion_fx_translateY_direction&quot;:&quot;negative&quot;,&quot;motion_fx_translateY_speed&quot;:{&quot;unit&quot;:&quot;px&quot;,&quot;size&quot;:1,&quot;sizes&quot;:[]},&quot;motion_fx_translateY_affectedRange&quot;:{&quot;unit&quot;:&quot;%&quot;,&quot;size&quot;:&quot;&quot;,&quot;sizes&quot;:{&quot;start&quot;:0,&quot;end&quot;:100}},&quot;motion_fx_devices&quot;:[&quot;desktop&quot;,&quot;tablet&quot;,&quot;mobile&quot;]}\">\n\t\t\t\t<\/div>\n\t\t\t\t\t<\/div>\n\t\t\t\t<\/div>\n\t\t<div class=\"elementor-element elementor-element-a875c31 e-flex e-con-boxed e-con e-parent\" data-id=\"a875c31\" data-element_type=\"container\" data-e-type=\"container\">\n\t\t\t\t\t<div class=\"e-con-inner\">\n\t\t<div class=\"elementor-element elementor-element-12ef822b e-con-full e-flex elementor-invisible e-con e-child\" data-id=\"12ef822b\" data-element_type=\"container\" data-e-type=\"container\" data-settings=\"{&quot;motion_fx_motion_fx_scrolling&quot;:&quot;yes&quot;,&quot;motion_fx_translateY_effect&quot;:&quot;yes&quot;,&quot;motion_fx_translateY_speed&quot;:{&quot;unit&quot;:&quot;px&quot;,&quot;size&quot;:0.5,&quot;sizes&quot;:[]},&quot;motion_fx_devices&quot;:[&quot;desktop&quot;,&quot;tablet&quot;],&quot;animation&quot;:&quot;slideInUp&quot;,&quot;motion_fx_translateY_affectedRange&quot;:{&quot;unit&quot;:&quot;%&quot;,&quot;size&quot;:&quot;&quot;,&quot;sizes&quot;:{&quot;start&quot;:0,&quot;end&quot;:100}}}\">\n\t\t\t\t<div class=\"elementor-element elementor-element-2fc0313a elementor-invisible elementor-widget elementor-widget-heading\" data-id=\"2fc0313a\" data-element_type=\"widget\" data-e-type=\"widget\" data-settings=\"{&quot;_animation&quot;:&quot;fadeIn&quot;}\" data-widget_type=\"heading.default\">\n\t\t\t\t\t<h2 class=\"elementor-heading-title elementor-size-default\">Lo que te ofrecemos<\/h2>\t\t\t\t<\/div>\n\t\t\t\t<div class=\"elementor-element elementor-element-2fa78d3c elementor-align-justify elementor-widget__width-initial elementor-hidden-desktop elementor-hidden-tablet elementor-hidden-mobile elementor-invisible elementor-widget elementor-widget-button\" data-id=\"2fa78d3c\" data-element_type=\"widget\" data-e-type=\"widget\" data-settings=\"{&quot;_animation&quot;:&quot;fadeIn&quot;,&quot;_animation_delay&quot;:450}\" data-widget_type=\"button.default\">\n\t\t\t\t\t\t\t\t\t\t<a class=\"elementor-button elementor-button-link elementor-size-sm\" href=\"https:\/\/codax-group.com\/de\/sostenibilidad\/\">\n\t\t\t\t\t\t<span class=\"elementor-button-content-wrapper\">\n\t\t\t\t\t\t\t\t\t<span class=\"elementor-button-text\">learn more<\/span>\n\t\t\t\t\t<\/span>\n\t\t\t\t\t<\/a>\n\t\t\t\t\t\t\t\t<\/div>\n\t\t\t\t<\/div>\n\t\t<div class=\"elementor-element elementor-element-467dc38 e-con-full e-flex elementor-invisible e-con e-child\" data-id=\"467dc38\" data-element_type=\"container\" data-e-type=\"container\" data-settings=\"{&quot;motion_fx_motion_fx_scrolling&quot;:&quot;yes&quot;,&quot;motion_fx_translateY_effect&quot;:&quot;yes&quot;,&quot;motion_fx_translateY_direction&quot;:&quot;negative&quot;,&quot;motion_fx_translateY_speed&quot;:{&quot;unit&quot;:&quot;px&quot;,&quot;size&quot;:3,&quot;sizes&quot;:[]},&quot;motion_fx_devices&quot;:[&quot;desktop&quot;],&quot;animation&quot;:&quot;fadeIn&quot;,&quot;motion_fx_translateY_affectedRange&quot;:{&quot;unit&quot;:&quot;%&quot;,&quot;size&quot;:&quot;&quot;,&quot;sizes&quot;:{&quot;start&quot;:0,&quot;end&quot;:50}}}\">\n\t\t\t\t<div class=\"elementor-element elementor-element-68059051 elementor-view-default elementor-widget elementor-widget-icon\" data-id=\"68059051\" data-element_type=\"widget\" data-e-type=\"widget\" data-widget_type=\"icon.default\">\n\t\t\t\t\t\t\t<div class=\"elementor-icon-wrapper\">\n\t\t\t<div class=\"elementor-icon\">\n\t\t\t<svg xmlns=\"http:\/\/www.w3.org\/2000\/svg\" viewBox=\"0 0 49 50\"><path d=\"M24.5 50a24.05 24.05 0 0 1-9.376-1.904 24.468 24.468 0 0 1-7.948-5.424 25.066 25.066 0 0 1-5.311-8.119A25.492 25.492 0 0 1 0 24.976h24.5V50Z\" fill=\"#181818\"><\/path><path d=\"M49 24.976c0 3.287-.634 6.54-1.865 9.577a25.066 25.066 0 0 1-5.311 8.119 24.467 24.467 0 0 1-7.948 5.424A24.05 24.05 0 0 1 24.5 50V24.976H49Z\"><\/path><path d=\"M24.5 25.024a24.05 24.05 0 0 1-9.376-1.904 24.468 24.468 0 0 1-7.948-5.424 25.066 25.066 0 0 1-5.311-8.12A25.492 25.492 0 0 1 0 0h24.5v25.024Z\" fill=\"#181818\"><\/path><\/svg>\t\t\t<\/div>\n\t\t<\/div>\n\t\t\t\t\t\t<\/div>\n\t\t\t\t<div class=\"elementor-element elementor-element-9abb6a7 elementor-widget elementor-widget-heading\" data-id=\"9abb6a7\" data-element_type=\"widget\" data-e-type=\"widget\" data-widget_type=\"heading.default\">\n\t\t\t\t\t<h3 class=\"elementor-heading-title elementor-size-default\">Formaci\u00f3n Certificada<\/h3>\t\t\t\t<\/div>\n\t\t\t\t<div class=\"elementor-element elementor-element-7722158d elementor-widget elementor-widget-text-editor\" data-id=\"7722158d\" data-element_type=\"widget\" data-e-type=\"widget\" data-widget_type=\"text-editor.default\">\n\t\t\t\t\t\t\t\t\t<p>En <strong>CODAX Group<\/strong>, ofrecemos programas de formaci\u00f3n completos y actualizados que cubren desde los fundamentos de KNX hasta los niveles m\u00e1s avanzados. Nuestros cursos est\u00e1n dise\u00f1ados para proporcionar certificaciones reconocidas a nivel internacional, permitiendo a los profesionales destacar en el competitivo mercado de la automatizaci\u00f3n.<\/p>\t\t\t\t\t\t\t\t<\/div>\n\t\t\t\t<\/div>\n\t\t<div class=\"elementor-element elementor-element-6da181c3 e-con-full e-flex elementor-invisible e-con e-child\" data-id=\"6da181c3\" data-element_type=\"container\" data-e-type=\"container\" data-settings=\"{&quot;motion_fx_motion_fx_scrolling&quot;:&quot;yes&quot;,&quot;motion_fx_translateY_effect&quot;:&quot;yes&quot;,&quot;motion_fx_translateY_speed&quot;:{&quot;unit&quot;:&quot;px&quot;,&quot;size&quot;:2,&quot;sizes&quot;:[]},&quot;motion_fx_devices&quot;:[&quot;desktop&quot;],&quot;animation&quot;:&quot;slideInUp&quot;,&quot;motion_fx_translateY_direction&quot;:&quot;negative&quot;,&quot;motion_fx_translateY_affectedRange&quot;:{&quot;unit&quot;:&quot;%&quot;,&quot;size&quot;:&quot;&quot;,&quot;sizes&quot;:{&quot;start&quot;:0,&quot;end&quot;:50}}}\">\n\t\t\t\t<div class=\"elementor-element elementor-element-184bad63 elementor-view-default elementor-widget elementor-widget-icon\" data-id=\"184bad63\" data-element_type=\"widget\" data-e-type=\"widget\" data-widget_type=\"icon.default\">\n\t\t\t\t\t\t\t<div class=\"elementor-icon-wrapper\">\n\t\t\t<div class=\"elementor-icon\">\n\t\t\t<svg xmlns=\"http:\/\/www.w3.org\/2000\/svg\" viewBox=\"0 0 49 50\"><path d=\"M16.332 16.667H0v16.666h16.332V16.667Z\" fill=\"#181818\"><\/path><path d=\"M32.667 16.667H16.335v16.666h16.332V16.667Z\"><\/path><path d=\"M49 0H32.668v16.667H49V0ZM32.667 33.333H16.335V50h16.332V33.333Z\" fill=\"#181818\"><\/path><\/svg>\t\t\t<\/div>\n\t\t<\/div>\n\t\t\t\t\t\t<\/div>\n\t\t\t\t<div class=\"elementor-element elementor-element-144bdc80 elementor-widget elementor-widget-heading\" data-id=\"144bdc80\" data-element_type=\"widget\" data-e-type=\"widget\" data-widget_type=\"heading.default\">\n\t\t\t\t\t<h3 class=\"elementor-heading-title elementor-size-default\">Herramientas Avanzadas<\/h3>\t\t\t\t<\/div>\n\t\t\t\t<div class=\"elementor-element elementor-element-5337ecd7 elementor-widget elementor-widget-text-editor\" data-id=\"5337ecd7\" data-element_type=\"widget\" data-e-type=\"widget\" data-widget_type=\"text-editor.default\">\n\t\t\t\t\t\t\t\t\t<p>Con el <strong>KNX Simulator<\/strong>, ofrecemos a los participantes una oportunidad \u00fanica de aprender de manera pr\u00e1ctica y eficiente. Esta herramienta permite entrenar en un entorno virtual sin la necesidad de costosos equipos, proporcionando una experiencia de aprendizaje din\u00e1mica y realista.<\/p>\t\t\t\t\t\t\t\t<\/div>\n\t\t\t\t<\/div>\n\t\t<div class=\"elementor-element elementor-element-7241aab1 e-con-full e-flex elementor-invisible e-con e-child\" data-id=\"7241aab1\" data-element_type=\"container\" data-e-type=\"container\" data-settings=\"{&quot;motion_fx_motion_fx_scrolling&quot;:&quot;yes&quot;,&quot;motion_fx_translateY_effect&quot;:&quot;yes&quot;,&quot;motion_fx_translateY_direction&quot;:&quot;negative&quot;,&quot;motion_fx_translateY_speed&quot;:{&quot;unit&quot;:&quot;px&quot;,&quot;size&quot;:1,&quot;sizes&quot;:[]},&quot;motion_fx_devices&quot;:[&quot;desktop&quot;],&quot;animation&quot;:&quot;fadeIn&quot;,&quot;motion_fx_translateY_affectedRange&quot;:{&quot;unit&quot;:&quot;%&quot;,&quot;size&quot;:&quot;&quot;,&quot;sizes&quot;:{&quot;start&quot;:0,&quot;end&quot;:50}}}\">\n\t\t\t\t<div class=\"elementor-element elementor-element-142a250f elementor-view-default elementor-widget elementor-widget-icon\" data-id=\"142a250f\" data-element_type=\"widget\" data-e-type=\"widget\" data-widget_type=\"icon.default\">\n\t\t\t\t\t\t\t<div class=\"elementor-icon-wrapper\">\n\t\t\t<div class=\"elementor-icon\">\n\t\t\t<svg xmlns=\"http:\/\/www.w3.org\/2000\/svg\" viewBox=\"0 0 49 50\"><path d=\"M16.333 9.398H0V50h16.333V9.398Z\" fill=\"#181818\"><\/path><path d=\"M32.666 9.398H16.333V50h16.333V9.398Z\"><\/path><path d=\"M49 0H32.665v40.602h16.333V0Z\" fill=\"#181818\"><\/path><\/svg>\t\t\t<\/div>\n\t\t<\/div>\n\t\t\t\t\t\t<\/div>\n\t\t\t\t<div class=\"elementor-element elementor-element-2274e41f elementor-widget elementor-widget-heading\" data-id=\"2274e41f\" data-element_type=\"widget\" data-e-type=\"widget\" data-widget_type=\"heading.default\">\n\t\t\t\t\t<h3 class=\"elementor-heading-title elementor-size-default\">Asesor\u00eda Especializada<\/h3>\t\t\t\t<\/div>\n\t\t\t\t<div class=\"elementor-element elementor-element-738187ef elementor-widget elementor-widget-text-editor\" data-id=\"738187ef\" data-element_type=\"widget\" data-e-type=\"widget\" data-widget_type=\"text-editor.default\">\n\t\t\t\t\t\t\t\t\t<p>Sabemos que la tecnolog\u00eda evoluciona constantemente. Por eso, adem\u00e1s de nuestros programas de formaci\u00f3n, ofrecemos <strong>asesor\u00eda continua<\/strong> y <strong>actualizaciones sobre las \u00faltimas tendencias<\/strong> y avances en el sector de la automatizaci\u00f3n. Esto garantiza que nuestros clientes y participantes siempre est\u00e9n a la vanguardia de la tecnolog\u00eda.<\/p>\t\t\t\t\t\t\t\t<\/div>\n\t\t\t\t<\/div>\n\t\t\t\t\t<\/div>\n\t\t\t\t<\/div>\n\t\t\t\t<\/div>\n\t\t","protected":false},"excerpt":{"rendered":"<p>Educaci\u00f3n Creemos que el conocimiento es la clave para aprovechar al m\u00e1ximo las tecnolog\u00edas del futuro. Por eso, hemos desarrollado un \u00e1rea especializada en educaci\u00f3n sobre automatizaci\u00f3n de edificios y hogares inteligentes con un enfoque particular en el est\u00e1ndar KNX. Formamos a los profesionales que transforman el futuro con tecnolog\u00eda inteligente \u00a0A trav\u00e9s de herramientas [&hellip;]<\/p>\n","protected":false},"author":1,"featured_media":0,"parent":0,"menu_order":0,"comment_status":"closed","ping_status":"closed","template":"elementor_header_footer","meta":{"footnotes":""},"class_list":["post-406","page","type-page","status-publish","hentry"],"_links":{"self":[{"href":"https:\/\/codax-group.com\/de\/wp-json\/wp\/v2\/pages\/406","targetHints":{"allow":["GET"]}}],"collection":[{"href":"https:\/\/codax-group.com\/de\/wp-json\/wp\/v2\/pages"}],"about":[{"href":"https:\/\/codax-group.com\/de\/wp-json\/wp\/v2\/types\/page"}],"author":[{"embeddable":true,"href":"https:\/\/codax-group.com\/de\/wp-json\/wp\/v2\/users\/1"}],"replies":[{"embeddable":true,"href":"https:\/\/codax-group.com\/de\/wp-json\/wp\/v2\/comments?post=406"}],"version-history":[{"count":7,"href":"https:\/\/codax-group.com\/de\/wp-json\/wp\/v2\/pages\/406\/revisions"}],"predecessor-version":[{"id":505,"href":"https:\/\/codax-group.com\/de\/wp-json\/wp\/v2\/pages\/406\/revisions\/505"}],"wp:attachment":[{"href":"https:\/\/codax-group.com\/de\/wp-json\/wp\/v2\/media?parent=406"}],"curies":[{"name":"wp","href":"https:\/\/api.w.org\/{rel}","templated":true}]}}