{"id":408,"date":"2024-09-27T14:10:34","date_gmt":"2024-09-27T19:10:34","guid":{"rendered":"https:\/\/codax-group.com\/?page_id=408"},"modified":"2024-10-10T10:32:21","modified_gmt":"2024-10-10T15:32:21","slug":"inversiones","status":"publish","type":"page","link":"https:\/\/codax-group.com\/en\/inversiones\/","title":{"rendered":"Investments"},"content":{"rendered":"\t\t<div data-elementor-type=\"wp-page\" data-elementor-id=\"408\" class=\"elementor elementor-408\" data-elementor-post-type=\"page\">\n\t\t\t\t<div class=\"elementor-element elementor-element-292194e e-con-full e-flex e-con e-parent\" data-id=\"292194e\" data-element_type=\"container\" data-e-type=\"container\" data-settings=\"{&quot;background_background&quot;:&quot;classic&quot;}\">\n\t\t<div class=\"elementor-element elementor-element-2f4d977f e-flex e-con-boxed e-con e-child\" data-id=\"2f4d977f\" data-element_type=\"container\" data-e-type=\"container\">\n\t\t\t\t\t<div class=\"e-con-inner\">\n\t\t\t\t<div class=\"elementor-element elementor-element-70edf685 elementor-invisible elementor-widget elementor-widget-heading\" data-id=\"70edf685\" data-element_type=\"widget\" data-e-type=\"widget\" data-settings=\"{&quot;_animation&quot;:&quot;fadeIn&quot;}\" data-widget_type=\"heading.default\">\n\t\t\t\t\t<h1 class=\"elementor-heading-title elementor-size-default\">Inversiones<\/h1>\t\t\t\t<\/div>\n\t\t\t\t<div class=\"elementor-element elementor-element-768287d6 elementor-widget-tablet__width-initial elementor-widget elementor-widget-text-editor\" data-id=\"768287d6\" data-element_type=\"widget\" data-e-type=\"widget\" data-widget_type=\"text-editor.default\">\n\t\t\t\t\t\t\t\t\t<div class=\"flex max-w-full flex-col flex-grow\"><div class=\"min-h-8 text-message flex w-full flex-col items-end gap-2 whitespace-normal break-words [.text-message+&amp;]:mt-5\" dir=\"auto\" data-message-author-role=\"assistant\" data-message-id=\"b0af58a8-fa01-42ab-9103-a949a82135c8\"><div class=\"flex w-full flex-col gap-1 empty:hidden first:pt-[3px]\"><div class=\"markdown prose w-full break-words dark:prose-invert dark\"><p>En Codax Investments nos dedicamos a la inversi\u00f3n en proyectos inteligentes. Nuestro enfoque se centra en identificar y apoyar proyectos innovadores que tengan un impacto significativo en sus respectivos sectores.<\/p><\/div><\/div><\/div><\/div>\t\t\t\t\t\t\t\t<\/div>\n\t\t\t\t\t<\/div>\n\t\t\t\t<\/div>\n\t\t\t\t<div class=\"elementor-element elementor-element-7a556d08 elementor-widget__width-initial elementor-absolute elementor-widget-mobile__width-inherit elementor-invisible elementor-widget elementor-widget-image\" data-id=\"7a556d08\" data-element_type=\"widget\" data-e-type=\"widget\" data-settings=\"{&quot;_position&quot;:&quot;absolute&quot;,&quot;_animation&quot;:&quot;slideInLeft&quot;}\" data-widget_type=\"image.default\">\n\t\t\t\t\t\t\t\t\t\t\t\t\t\t\t<img fetchpriority=\"high\" decoding=\"async\" width=\"683\" height=\"1024\" src=\"https:\/\/codax-group.com\/wp-content\/uploads\/2024\/10\/modern-building-skyscraper-glass-window-with-illum-2024-07-03-19-24-56-utc-683x1024.jpg\" class=\"attachment-large size-large wp-image-508\" alt=\"\" srcset=\"https:\/\/codax-group.com\/wp-content\/uploads\/2024\/10\/modern-building-skyscraper-glass-window-with-illum-2024-07-03-19-24-56-utc-683x1024.jpg 683w, https:\/\/codax-group.com\/wp-content\/uploads\/2024\/10\/modern-building-skyscraper-glass-window-with-illum-2024-07-03-19-24-56-utc-200x300.jpg 200w, https:\/\/codax-group.com\/wp-content\/uploads\/2024\/10\/modern-building-skyscraper-glass-window-with-illum-2024-07-03-19-24-56-utc-768x1152.jpg 768w, https:\/\/codax-group.com\/wp-content\/uploads\/2024\/10\/modern-building-skyscraper-glass-window-with-illum-2024-07-03-19-24-56-utc-1024x1536.jpg 1024w, https:\/\/codax-group.com\/wp-content\/uploads\/2024\/10\/modern-building-skyscraper-glass-window-with-illum-2024-07-03-19-24-56-utc-1365x2048.jpg 1365w, https:\/\/codax-group.com\/wp-content\/uploads\/2024\/10\/modern-building-skyscraper-glass-window-with-illum-2024-07-03-19-24-56-utc-8x12.jpg 8w, https:\/\/codax-group.com\/wp-content\/uploads\/2024\/10\/modern-building-skyscraper-glass-window-with-illum-2024-07-03-19-24-56-utc-scaled.jpg 1707w\" sizes=\"(max-width: 683px) 100vw, 683px\" \/>\t\t\t\t\t\t\t\t\t\t\t\t\t\t\t<\/div>\n\t\t\t\t<div class=\"elementor-element elementor-element-20419dd7 elementor-fixed animated-slow elementor-hidden-mobile elementor-view-default elementor-invisible elementor-widget elementor-widget-icon\" data-id=\"20419dd7\" data-element_type=\"widget\" data-e-type=\"widget\" data-settings=\"{&quot;_position&quot;:&quot;fixed&quot;,&quot;_animation&quot;:&quot;fadeIn&quot;,&quot;_animation_delay&quot;:1800}\" data-widget_type=\"icon.default\">\n\t\t\t\t\t\t\t<div class=\"elementor-icon-wrapper\">\n\t\t\t<a class=\"elementor-icon elementor-animation-grow\" href=\"#elementor-action%3Aaction%3Dpopup%3Aopen%26settings%3DeyJpZCI6MTY4LCJ0b2dnbGUiOmZhbHNlfQ%3D%3D\">\n\t\t\t<svg xmlns=\"http:\/\/www.w3.org\/2000\/svg\" viewBox=\"0 0 70 70\"><path fill-rule=\"evenodd\" clip-rule=\"evenodd\" d=\"M27.862 29.5h14.786c.752 0 1.362.61 1.362 1.362v.361l-8.909 3.62-8.601-3.494v-.487c0-.752.61-1.362 1.362-1.362ZM26.5 32.968v7.17c0 .752.61 1.362 1.362 1.362h14.786c.752 0 1.362-.61 1.362-1.362v-7.296l-8.627 3.505-.282.115-.282-.115-8.319-3.38ZM25 30.862A2.862 2.862 0 0 1 27.862 28h14.786a2.862 2.862 0 0 1 2.862 2.862v9.276A2.862 2.862 0 0 1 42.648 43H27.862A2.862 2.862 0 0 1 25 40.138v-9.276Z\"><\/path><\/svg>\t\t\t<\/a>\n\t\t<\/div>\n\t\t\t\t\t\t<\/div>\n\t\t\t\t<\/div>\n\t\t<div class=\"elementor-element elementor-element-78f998e8 e-flex e-con-boxed e-con e-parent\" data-id=\"78f998e8\" data-element_type=\"container\" data-e-type=\"container\">\n\t\t\t\t\t<div class=\"e-con-inner\">\n\t\t<div class=\"elementor-element elementor-element-3d68c44c e-con-full e-flex e-con e-child\" data-id=\"3d68c44c\" data-element_type=\"container\" data-e-type=\"container\">\n\t\t\t\t<div class=\"elementor-element elementor-element-6f05d786 elementor-widget__width-inherit elementor-widget-tablet__width-initial elementor-widget-mobile__width-inherit elementor-widget elementor-widget-heading\" data-id=\"6f05d786\" data-element_type=\"widget\" data-e-type=\"widget\" data-widget_type=\"heading.default\">\n\t\t\t\t\t<h2 class=\"elementor-heading-title elementor-size-default\">Invertimos hoy, pensando en el futuro<\/h2>\t\t\t\t<\/div>\n\t\t<div class=\"elementor-element elementor-element-2895a767 e-con-full e-flex e-con e-child\" data-id=\"2895a767\" data-element_type=\"container\" data-e-type=\"container\">\n\t\t\t\t<div class=\"elementor-element elementor-element-1ec4e511 elementor-widget elementor-widget-text-editor\" data-id=\"1ec4e511\" data-element_type=\"widget\" data-e-type=\"widget\" data-widget_type=\"text-editor.default\">\n\t\t\t\t\t\t\t\t\t<p>Estamos buscando activamente oportunidades para invertir en proyectos tecnol\u00f3gicos innovadores.<\/p><p>\u00a0<\/p><p>Nos especializamos en apoyar iniciativas que utilicen tecnolog\u00eda avanzada para transformar y mejorar industrias clave.<\/p><p>\u00a0<\/p><p>\u00a0<\/p>\t\t\t\t\t\t\t\t<\/div>\n\t\t\t\t<\/div>\n\t\t<div class=\"elementor-element elementor-element-437a28f7 e-con-full e-flex e-con e-child\" data-id=\"437a28f7\" data-element_type=\"container\" data-e-type=\"container\">\n\t\t\t\t<div class=\"elementor-element elementor-element-4da0f603 elementor-widget elementor-widget-text-editor\" data-id=\"4da0f603\" data-element_type=\"widget\" data-e-type=\"widget\" data-widget_type=\"text-editor.default\">\n\t\t\t\t\t\t\t\t\t<p>Si est\u00e1s desarrollando un proyecto que combine innovaci\u00f3n, sostenibilidad y un alto potencial de crecimiento, nos encantar\u00eda conocer m\u00e1s.<\/p><p>\u00a0<\/p><p>Estamos comprometidos en aportar no solo capital, sino tambi\u00e9n nuestro conocimiento y recursos para impulsar el \u00e9xito de los proyectos en los que invertimos.<\/p><h2>\u00a0<\/h2>\t\t\t\t\t\t\t\t<\/div>\n\t\t\t\t<\/div>\n\t\t\t\t<\/div>\n\t\t<div class=\"elementor-element elementor-element-3dd069ca e-con-full e-flex e-con e-child\" data-id=\"3dd069ca\" data-element_type=\"container\" data-e-type=\"container\" data-settings=\"{&quot;background_background&quot;:&quot;classic&quot;,&quot;motion_fx_motion_fx_scrolling&quot;:&quot;yes&quot;,&quot;motion_fx_translateY_effect&quot;:&quot;yes&quot;,&quot;motion_fx_translateY_direction&quot;:&quot;negative&quot;,&quot;motion_fx_translateY_speed&quot;:{&quot;unit&quot;:&quot;px&quot;,&quot;size&quot;:1,&quot;sizes&quot;:[]},&quot;motion_fx_translateY_affectedRange&quot;:{&quot;unit&quot;:&quot;%&quot;,&quot;size&quot;:&quot;&quot;,&quot;sizes&quot;:{&quot;start&quot;:0,&quot;end&quot;:100}},&quot;motion_fx_devices&quot;:[&quot;desktop&quot;,&quot;tablet&quot;,&quot;mobile&quot;]}\">\n\t\t\t\t<\/div>\n\t\t\t\t\t<\/div>\n\t\t\t\t<\/div>\n\t\t\t\t<\/div>\n\t\t","protected":false},"excerpt":{"rendered":"<p>Inversiones En Codax Investments nos dedicamos a la inversi\u00f3n en proyectos inteligentes. Nuestro enfoque se centra en identificar y apoyar proyectos innovadores que tengan un impacto significativo en sus respectivos sectores. Invertimos hoy, pensando en el futuro Estamos buscando activamente oportunidades para invertir en proyectos tecnol\u00f3gicos innovadores. \u00a0 Nos especializamos en apoyar iniciativas que utilicen [&hellip;]<\/p>\n","protected":false},"author":1,"featured_media":0,"parent":0,"menu_order":0,"comment_status":"closed","ping_status":"closed","template":"elementor_header_footer","meta":{"footnotes":""},"class_list":["post-408","page","type-page","status-publish","hentry"],"_links":{"self":[{"href":"https:\/\/codax-group.com\/en\/wp-json\/wp\/v2\/pages\/408","targetHints":{"allow":["GET"]}}],"collection":[{"href":"https:\/\/codax-group.com\/en\/wp-json\/wp\/v2\/pages"}],"about":[{"href":"https:\/\/codax-group.com\/en\/wp-json\/wp\/v2\/types\/page"}],"author":[{"embeddable":true,"href":"https:\/\/codax-group.com\/en\/wp-json\/wp\/v2\/users\/1"}],"replies":[{"embeddable":true,"href":"https:\/\/codax-group.com\/en\/wp-json\/wp\/v2\/comments?post=408"}],"version-history":[{"count":11,"href":"https:\/\/codax-group.com\/en\/wp-json\/wp\/v2\/pages\/408\/revisions"}],"predecessor-version":[{"id":515,"href":"https:\/\/codax-group.com\/en\/wp-json\/wp\/v2\/pages\/408\/revisions\/515"}],"wp:attachment":[{"href":"https:\/\/codax-group.com\/en\/wp-json\/wp\/v2\/media?parent=408"}],"curies":[{"name":"wp","href":"https:\/\/api.w.org\/{rel}","templated":true}]}}