{"id":206,"date":"2024-08-18T16:12:49","date_gmt":"2024-08-18T21:12:49","guid":{"rendered":"https:\/\/codax-group.com\/services\/"},"modified":"2025-04-16T10:46:38","modified_gmt":"2025-04-16T15:46:38","slug":"sostenibilidad","status":"publish","type":"page","link":"https:\/\/codax-group.com\/fr\/sostenibilidad\/","title":{"rendered":"Durabilit\u00e9"},"content":{"rendered":"<div data-elementor-type=\"wp-page\" data-elementor-id=\"206\" class=\"elementor elementor-206\" data-elementor-post-type=\"page\">\n\t\t\t\t<div class=\"elementor-element elementor-element-35d52562 e-flex e-con-boxed e-con e-parent\" data-id=\"35d52562\" data-element_type=\"container\" data-e-type=\"container\" data-settings=\"{&quot;background_background&quot;:&quot;classic&quot;}\">\n\t\t\t\t\t<div class=\"e-con-inner\">\n\t\t\t\t<div class=\"elementor-element elementor-element-24a0b1c4 elementor-invisible elementor-widget elementor-widget-heading\" data-id=\"24a0b1c4\" data-element_type=\"widget\" data-e-type=\"widget\" data-settings=\"{&quot;_animation&quot;:&quot;fadeIn&quot;}\" data-widget_type=\"heading.default\">\n\t\t\t\t\t<h1 class=\"elementor-heading-title elementor-size-default\">Durabilit\u00e9<\/h1>\t\t\t\t<\/div>\n\t\t\t\t<div class=\"elementor-element elementor-element-64393b3a elementor-widget__width-initial elementor-invisible elementor-widget elementor-widget-text-editor\" data-id=\"64393b3a\" data-element_type=\"widget\" data-e-type=\"widget\" data-settings=\"{&quot;_animation&quot;:&quot;fadeIn&quot;,&quot;_animation_delay&quot;:300}\" data-widget_type=\"text-editor.default\">\n\t\t\t\t\t\t\t\t\t<p>Engagement en faveur de l'environnement<\/p>\t\t\t\t\t\t\t\t<\/div>\n\t\t\t\t<div class=\"elementor-element elementor-element-8ee9d2 elementor-fixed animated-slow elementor-hidden-mobile elementor-view-default elementor-invisible elementor-widget elementor-widget-icon\" data-id=\"8ee9d2\" data-element_type=\"widget\" data-e-type=\"widget\" data-settings=\"{&quot;_position&quot;:&quot;fixed&quot;,&quot;_animation&quot;:&quot;fadeIn&quot;,&quot;_animation_delay&quot;:1800}\" data-widget_type=\"icon.default\">\n\t\t\t\t\t\t\t<div class=\"elementor-icon-wrapper\">\n\t\t\t<a class=\"elementor-icon elementor-animation-grow\" href=\"#elementor-action%3Aaction%3Dpopup%3Aopen%26settings%3DeyJpZCI6MTY4LCJ0b2dnbGUiOmZhbHNlfQ%3D%3D\">\n\t\t\t<svg xmlns=\"http:\/\/www.w3.org\/2000\/svg\" viewbox=\"0 0 70 70\"><path fill-rule=\"evenodd\" clip-rule=\"evenodd\" d=\"M27.862 29.5h14.786c.752 0 1.362.61 1.362 1.362v.361l-8.909 3.62-8.601-3.494v-.487c0-.752.61-1.362 1.362-1.362ZM26.5 32.968v7.17c0 .752.61 1.362 1.362 1.362h14.786c.752 0 1.362-.61 1.362-1.362v-7.296l-8.627 3.505-.282.115-.282-.115-8.319-3.38ZM25 30.862A2.862 2.862 0 0 1 27.862 28h14.786a2.862 2.862 0 0 1 2.862 2.862v9.276A2.862 2.862 0 0 1 42.648 43H27.862A2.862 2.862 0 0 1 25 40.138v-9.276Z\"><\/path><\/svg>\t\t\t<\/a>\n\t\t<\/div>\n\t\t\t\t\t\t<\/div>\n\t\t\t\t\t<\/div>\n\t\t\t\t<\/div>\n\t\t<div class=\"elementor-element elementor-element-1b9bd41 e-flex e-con-boxed e-con e-parent\" data-id=\"1b9bd41\" data-element_type=\"container\" data-e-type=\"container\">\n\t\t\t\t\t<div class=\"e-con-inner\">\n\t\t<div class=\"elementor-element elementor-element-5a77740 e-con-full e-flex e-con e-child\" data-id=\"5a77740\" data-element_type=\"container\" data-e-type=\"container\">\n\t\t\t\t<div class=\"elementor-element elementor-element-03cf6ff elementor-widget elementor-widget-text-editor\" data-id=\"03cf6ff\" data-element_type=\"widget\" data-e-type=\"widget\" data-widget_type=\"text-editor.default\">\n\t\t\t\t\t\t\t\t\t<p>Au <strong>Groupe CODAX<\/strong>La durabilit\u00e9 n'est pas seulement un objectif, c'est un principe fondamental qui guide tous les aspects de nos activit\u00e9s. Nous nous engageons \u00e0 avoir un impact positif sur l'environnement et les communaut\u00e9s dans lesquelles nous op\u00e9rons en int\u00e9grant des pratiques durables dans tous nos projets.\u00a0<\/p>\t\t\t\t\t\t\t\t<\/div>\n\t\t\t\t<\/div>\n\t\t<div class=\"elementor-element elementor-element-f51f296 e-con-full e-flex e-con e-child\" data-id=\"f51f296\" data-element_type=\"container\" data-e-type=\"container\">\n\t\t\t\t<div class=\"elementor-element elementor-element-c475676 elementor-widget elementor-widget-text-editor\" data-id=\"c475676\" data-element_type=\"widget\" data-e-type=\"widget\" data-widget_type=\"text-editor.default\">\n\t\t\t\t\t\t\t\t\t<p>La durabilit\u00e9 implique une approche holistique qui prend en compte non seulement l'impact environnemental de nos activit\u00e9s, mais aussi leurs effets sociaux et \u00e9conomiques. Nous travaillons sans rel\u00e2che pour mettre en \u0153uvre des solutions qui minimisent l'utilisation des ressources naturelles, r\u00e9duisent les \u00e9missions de carbone et promeuvent un environnement sain pour les g\u00e9n\u00e9rations actuelles et futures.<\/p>\t\t\t\t\t\t\t\t<\/div>\n\t\t\t\t<\/div>\n\t\t\t\t\t<\/div>\n\t\t\t\t<\/div>\n\t\t<div class=\"elementor-element elementor-element-64ee3853 e-flex e-con-boxed e-con e-parent\" data-id=\"64ee3853\" data-element_type=\"container\" data-e-type=\"container\">\n\t\t\t\t\t<div class=\"e-con-inner\">\n\t\t<div class=\"elementor-element elementor-element-328ca0ac e-con-full e-flex elementor-invisible e-con e-child\" data-id=\"328ca0ac\" data-element_type=\"container\" data-e-type=\"container\" data-settings=\"{&quot;animation&quot;:&quot;slideInUp&quot;,&quot;background_background&quot;:&quot;classic&quot;,&quot;animation_delay&quot;:600}\">\n\t\t<div class=\"elementor-element elementor-element-6056c8b7 e-con-full e-flex e-con e-child\" data-id=\"6056c8b7\" data-element_type=\"container\" data-e-type=\"container\">\n\t\t\t\t<div class=\"elementor-element elementor-element-19712006 elementor-position-inline-start elementor-mobile-position-inline-start elementor-view-default elementor-widget elementor-widget-icon-box\" data-id=\"19712006\" data-element_type=\"widget\" data-e-type=\"widget\" data-widget_type=\"icon-box.default\">\n\t\t\t\t\t\t\t<div class=\"elementor-icon-box-wrapper\">\n\n\t\t\t\t\t\t<div class=\"elementor-icon-box-icon\">\n\t\t\t\t<span  class=\"elementor-icon\">\n\t\t\t\t<svg xmlns=\"http:\/\/www.w3.org\/2000\/svg\" id=\"Layer_1\" width=\"49\" height=\"50\" viewbox=\"0 0 49 50\"><defs><style>.cls-1{fill:#181818;}<\/style><\/defs><path class=\"cls-1\" d=\"M0,50H28.94V16.66\"><\/path><path d=\"M20.06,50h28.94V16.66\"><\/path><path class=\"cls-1\" d=\"M0,33.33H28.94V0\"><\/path><\/svg>\t\t\t\t<\/span>\n\t\t\t<\/div>\n\t\t\t\n\t\t\t\t\t\t<div class=\"elementor-icon-box-content\">\n\n\t\t\t\t\t\t\t\t\t<h3 class=\"elementor-icon-box-title\">\n\t\t\t\t\t\t<span  >\n\t\t\t\t\t\t\tInnovation durable\t\t\t\t\t\t<\/span>\n\t\t\t\t\t<\/h3>\n\t\t\t\t\n\t\t\t\t\n\t\t\t<\/div>\n\t\t\t\n\t\t<\/div>\n\t\t\t\t\t\t<\/div>\n\t\t\t\t<div class=\"elementor-element elementor-element-6d37af93 elementor-widget elementor-widget-text-editor\" data-id=\"6d37af93\" data-element_type=\"widget\" data-e-type=\"widget\" data-widget_type=\"text-editor.default\">\n\t\t\t\t\t\t\t\t\t<p>L'innovation est essentielle pour parvenir \u00e0 la durabilit\u00e9, et en <strong>Groupe CODAX<\/strong>nous sommes \u00e0 la pointe des technologies \u00e9mergentes. Nous mettons en \u0153uvre des solutions d'automatisation et de contr\u00f4le qui optimisent l'utilisation des ressources, r\u00e9duisent la consommation d'\u00e9nergie et am\u00e9liorent l'efficacit\u00e9 des espaces et des b\u00e2timents. Ces technologies profitent non seulement \u00e0 nos clients en r\u00e9duisant leurs co\u00fbts d'exploitation, mais elles contribuent \u00e9galement \u00e0 un avenir plus propre et plus efficace.<\/p>\t\t\t\t\t\t\t\t<\/div>\n\t\t\t\t<\/div>\n\t\t<div class=\"elementor-element elementor-element-6634c41 e-con-full e-flex e-con e-child\" data-id=\"6634c41\" data-element_type=\"container\" data-e-type=\"container\" data-settings=\"{&quot;background_background&quot;:&quot;classic&quot;}\">\n\t\t\t\t<\/div>\n\t\t\t\t<\/div>\n\t\t<div class=\"elementor-element elementor-element-21627206 e-con-full e-flex elementor-invisible e-con e-child\" data-id=\"21627206\" data-element_type=\"container\" data-e-type=\"container\" data-settings=\"{&quot;animation&quot;:&quot;slideInUp&quot;,&quot;background_background&quot;:&quot;classic&quot;,&quot;animation_delay&quot;:300}\">\n\t\t<div class=\"elementor-element elementor-element-55074ee7 e-con-full e-flex e-con e-child\" data-id=\"55074ee7\" data-element_type=\"container\" data-e-type=\"container\">\n\t\t\t\t<div class=\"elementor-element elementor-element-420be90a elementor-position-inline-start elementor-mobile-position-inline-start elementor-view-default elementor-widget elementor-widget-icon-box\" data-id=\"420be90a\" data-element_type=\"widget\" data-e-type=\"widget\" data-widget_type=\"icon-box.default\">\n\t\t\t\t\t\t\t<div class=\"elementor-icon-box-wrapper\">\n\n\t\t\t\t\t\t<div class=\"elementor-icon-box-icon\">\n\t\t\t\t<span  class=\"elementor-icon\">\n\t\t\t\t<svg xmlns=\"http:\/\/www.w3.org\/2000\/svg\" viewbox=\"0 0 49 50\"><path d=\"M24.5 50a24.05 24.05 0 0 1-9.376-1.904 24.468 24.468 0 0 1-7.948-5.424 25.066 25.066 0 0 1-5.311-8.119A25.492 25.492 0 0 1 0 24.976h24.5V50Z\" fill=\"#181818\"><\/path><path d=\"M49 24.976c0 3.287-.634 6.54-1.865 9.577a25.066 25.066 0 0 1-5.311 8.119 24.467 24.467 0 0 1-7.948 5.424A24.05 24.05 0 0 1 24.5 50V24.976H49Z\"><\/path><path d=\"M24.5 25.024a24.05 24.05 0 0 1-9.376-1.904 24.468 24.468 0 0 1-7.948-5.424 25.066 25.066 0 0 1-5.311-8.12A25.492 25.492 0 0 1 0 0h24.5v25.024Z\" fill=\"#181818\"><\/path><\/svg>\t\t\t\t<\/span>\n\t\t\t<\/div>\n\t\t\t\n\t\t\t\t\t\t<div class=\"elementor-icon-box-content\">\n\n\t\t\t\t\t\t\t\t\t<h3 class=\"elementor-icon-box-title\">\n\t\t\t\t\t\t<span  >\n\t\t\t\t\t\t\tNotre avenir durable\t\t\t\t\t\t<\/span>\n\t\t\t\t\t<\/h3>\n\t\t\t\t\n\t\t\t\t\n\t\t\t<\/div>\n\t\t\t\n\t\t<\/div>\n\t\t\t\t\t\t<\/div>\n\t\t\t\t<div class=\"elementor-element elementor-element-ce7f686 elementor-widget elementor-widget-text-editor\" data-id=\"ce7f686\" data-element_type=\"widget\" data-e-type=\"widget\" data-widget_type=\"text-editor.default\">\n\t\t\t\t\t\t\t\t\t<p>Au <strong>Groupe CODAX<\/strong>nous nous engageons pour un avenir en harmonie avec l'environnement. Nous pensons que chaque action compte et, gr\u00e2ce \u00e0 nos initiatives durables, nous cherchons \u00e0 inspirer d'autres personnes \u00e0 rejoindre ce mouvement.<\/p>\t\t\t\t\t\t\t\t<\/div>\n\t\t\t\t<\/div>\n\t\t<div class=\"elementor-element elementor-element-61be1621 e-con-full e-flex e-con e-child\" data-id=\"61be1621\" data-element_type=\"container\" data-e-type=\"container\" data-settings=\"{&quot;background_background&quot;:&quot;classic&quot;}\">\n\t\t\t\t<\/div>\n\t\t\t\t<\/div>\n\t\t<div class=\"elementor-element elementor-element-781faa02 e-con-full e-flex elementor-invisible e-con e-child\" data-id=\"781faa02\" data-element_type=\"container\" data-e-type=\"container\" data-settings=\"{&quot;animation&quot;:&quot;slideInUp&quot;,&quot;background_background&quot;:&quot;classic&quot;}\">\n\t\t<div class=\"elementor-element elementor-element-695918a2 e-con-full e-flex e-con e-child\" data-id=\"695918a2\" data-element_type=\"container\" data-e-type=\"container\">\n\t\t\t\t<div class=\"elementor-element elementor-element-598619af elementor-position-inline-start elementor-mobile-position-inline-start elementor-view-default elementor-widget elementor-widget-icon-box\" data-id=\"598619af\" data-element_type=\"widget\" data-e-type=\"widget\" data-widget_type=\"icon-box.default\">\n\t\t\t\t\t\t\t<div class=\"elementor-icon-box-wrapper\">\n\n\t\t\t\t\t\t<div class=\"elementor-icon-box-icon\">\n\t\t\t\t<span  class=\"elementor-icon\">\n\t\t\t\t<svg xmlns=\"http:\/\/www.w3.org\/2000\/svg\" viewbox=\"0 0 49 50\"><path d=\"M16.332 16.667H0v16.666h16.332V16.667Z\" fill=\"#181818\"><\/path><path d=\"M32.667 16.667H16.335v16.666h16.332V16.667Z\"><\/path><path d=\"M49 0H32.668v16.667H49V0ZM32.667 33.333H16.335V50h16.332V33.333Z\" fill=\"#181818\"><\/path><\/svg>\t\t\t\t<\/span>\n\t\t\t<\/div>\n\t\t\t\n\t\t\t\t\t\t<div class=\"elementor-icon-box-content\">\n\n\t\t\t\t\t\t\t\t\t<h3 class=\"elementor-icon-box-title\">\n\t\t\t\t\t\t<span  >\n\t\t\t\t\t\t\tEngagement en faveur de l'environnement\t\t\t\t\t\t<\/span>\n\t\t\t\t\t<\/h3>\n\t\t\t\t\n\t\t\t\t\n\t\t\t<\/div>\n\t\t\t\n\t\t<\/div>\n\t\t\t\t\t\t<\/div>\n\t\t\t\t<div class=\"elementor-element elementor-element-58b5f5a7 elementor-widget elementor-widget-text-editor\" data-id=\"58b5f5a7\" data-element_type=\"widget\" data-e-type=\"widget\" data-widget_type=\"text-editor.default\">\n\t\t\t\t\t\t\t\t\t<p>Nous adoptons une approche proactive de la conservation de la biodiversit\u00e9 et de la protection des \u00e9cosyst\u00e8mes locaux, en travaillant avec les communaut\u00e9s et les experts pour nous assurer que nos projets sont compatibles avec l'environnement naturel. Ce faisant, nous contribuons non seulement \u00e0 un avenir plus durable, mais aussi \u00e0 des solutions qui am\u00e9liorent la vie de ceux qui y vivent.<\/p>\t\t\t\t\t\t\t\t<\/div>\n\t\t\t\t<\/div>\n\t\t<div class=\"elementor-element elementor-element-6e678a06 e-con-full e-flex e-con e-child\" data-id=\"6e678a06\" data-element_type=\"container\" data-e-type=\"container\" data-settings=\"{&quot;background_background&quot;:&quot;classic&quot;}\">\n\t\t\t\t<\/div>\n\t\t\t\t<\/div>\n\t\t\t\t\t<\/div>\n\t\t\t\t<\/div>\n\t\t\t\t<\/div>","protected":false},"excerpt":{"rendered":"<p>Sostenibilidad Compromiso con el Medio Ambiente En CODAX Group, la sostenibilidad no es solo un objetivo, es un principio fundamental que gu\u00eda cada aspecto de nuestra operaci\u00f3n. Nos comprometemos a crear un impacto positivo en el medio ambiente y en las comunidades en las que operamos, integrando pr\u00e1cticas sostenibles en todos nuestros proyectos.\u00a0 La sostenibilidad [&hellip;]<\/p>\n","protected":false},"author":1,"featured_media":0,"parent":0,"menu_order":0,"comment_status":"closed","ping_status":"closed","template":"elementor_header_footer","meta":{"footnotes":""},"class_list":["post-206","page","type-page","status-publish","hentry"],"_links":{"self":[{"href":"https:\/\/codax-group.com\/fr\/wp-json\/wp\/v2\/pages\/206","targetHints":{"allow":["GET"]}}],"collection":[{"href":"https:\/\/codax-group.com\/fr\/wp-json\/wp\/v2\/pages"}],"about":[{"href":"https:\/\/codax-group.com\/fr\/wp-json\/wp\/v2\/types\/page"}],"author":[{"embeddable":true,"href":"https:\/\/codax-group.com\/fr\/wp-json\/wp\/v2\/users\/1"}],"replies":[{"embeddable":true,"href":"https:\/\/codax-group.com\/fr\/wp-json\/wp\/v2\/comments?post=206"}],"version-history":[{"count":17,"href":"https:\/\/codax-group.com\/fr\/wp-json\/wp\/v2\/pages\/206\/revisions"}],"predecessor-version":[{"id":527,"href":"https:\/\/codax-group.com\/fr\/wp-json\/wp\/v2\/pages\/206\/revisions\/527"}],"wp:attachment":[{"href":"https:\/\/codax-group.com\/fr\/wp-json\/wp\/v2\/media?parent=206"}],"curies":[{"name":"wp","href":"https:\/\/api.w.org\/{rel}","templated":true}]}}